{"id":910,"date":"2025-02-25T20:04:55","date_gmt":"2025-02-25T20:04:55","guid":{"rendered":"https:\/\/domiszewscy.pl\/?post_type=product&#038;p=910"},"modified":"2025-02-27T14:36:19","modified_gmt":"2025-02-27T14:36:19","slug":"porada-prawna-premium","status":"publish","type":"product","link":"https:\/\/domiszewscy.pl\/en\/product\/porada-prawna-premium\/","title":{"rendered":"PREMIUM Legal Advice \u2013 60 minutes + document analysis"},"content":{"rendered":"<h3>Potrzebujesz dog\u0142\u0119bnej analizy swojej sytuacji prawnej?<br \/>\nSkorzystaj z 60-minutowej porady prawnej, obejmuj\u0105cej tak\u017ce analiz\u0119 dokumentacji.<\/h3>\n<p>\u2705 Czas trwania: 60 minut<br \/>\n\u2705 Dodatkowo: analiza przes\u0142anych dokument\u00f3w<br \/>\n\u2705 Termin: w ci\u0105gu 48 godzin od zakupu (po wcze\u015bniejszym ustaleniu)<br \/>\n\u2705 Forma: stacjonarnie (ul. Kopisto 11\/322, Rzesz\u00f3w), telefonicznie lub online<br \/>\n\u2705 Cena: 600 z\u0142<\/p>\n<p>Po zakupie skontaktuj si\u0119 z kancelari\u0105 mailowo oraz prze\u015blij skany dokument\u00f3w.<\/p>","protected":false},"excerpt":{"rendered":"<h5>Potrzebujesz dog\u0142\u0119bnej analizy swojej sytuacji prawnej?<br \/>\nSkorzystaj z 60-minutowej porady prawnej, obejmuj\u0105cej tak\u017ce analiz\u0119 dokumentacji.<\/h5>","protected":false},"featured_media":1086,"comment_status":"closed","ping_status":"closed","template":"","meta":{"_et_pb_use_builder":"","_et_pb_old_content":"","_et_gb_content_width":""},"product_brand":[],"product_cat":[26],"product_tag":[],"class_list":{"0":"post-910","1":"product","2":"type-product","3":"status-publish","4":"has-post-thumbnail","6":"product_cat-porady-prawne","8":"first","9":"instock","10":"virtual","11":"purchasable","12":"product-type-simple"},"_links":{"self":[{"href":"https:\/\/domiszewscy.pl\/en\/wp-json\/wp\/v2\/product\/910","targetHints":{"allow":["GET"]}}],"collection":[{"href":"https:\/\/domiszewscy.pl\/en\/wp-json\/wp\/v2\/product"}],"about":[{"href":"https:\/\/domiszewscy.pl\/en\/wp-json\/wp\/v2\/types\/product"}],"replies":[{"embeddable":true,"href":"https:\/\/domiszewscy.pl\/en\/wp-json\/wp\/v2\/comments?post=910"}],"wp:featuredmedia":[{"embeddable":true,"href":"https:\/\/domiszewscy.pl\/en\/wp-json\/wp\/v2\/media\/1086"}],"wp:attachment":[{"href":"https:\/\/domiszewscy.pl\/en\/wp-json\/wp\/v2\/media?parent=910"}],"wp:term":[{"taxonomy":"product_brand","embeddable":true,"href":"https:\/\/domiszewscy.pl\/en\/wp-json\/wp\/v2\/product_brand?post=910"},{"taxonomy":"product_cat","embeddable":true,"href":"https:\/\/domiszewscy.pl\/en\/wp-json\/wp\/v2\/product_cat?post=910"},{"taxonomy":"product_tag","embeddable":true,"href":"https:\/\/domiszewscy.pl\/en\/wp-json\/wp\/v2\/product_tag?post=910"}],"curies":[{"name":"wp","href":"https:\/\/api.w.org\/{rel}","templated":true}]}}