{"id":908,"date":"2025-02-25T20:01:57","date_gmt":"2025-02-25T20:01:57","guid":{"rendered":"https:\/\/domiszewscy.pl\/?post_type=product&#038;p=908"},"modified":"2025-06-26T21:06:38","modified_gmt":"2025-06-26T21:06:38","slug":"porada-prawna-lite","status":"publish","type":"product","link":"https:\/\/domiszewscy.pl\/en\/product\/porada-prawna-lite\/","title":{"rendered":"Legal Advice LITE \u2013 45 minutes"},"content":{"rendered":"<h3>Masz bardziej z\u0142o\u017cone pytania prawne?<br \/>\nWybierz 45-minutow\u0105 porad\u0119 prawn\u0105, dzi\u0119ki kt\u00f3rej otrzymasz dok\u0142adne wyja\u015bnienia i wskaz\u00f3wki dotycz\u0105ce Twojej sytuacji.<\/h3>\n<p>\u2705 Czas trwania: 45 minut<br \/>\n\u2705 Termin: w ci\u0105gu 48 godzin od zakupu (po wcze\u015bniejszym ustaleniu)<br \/>\n\u2705 Forma: stacjonarnie (ul. Kopisto 11\/322, Rzesz\u00f3w), telefonicznie lub online<br \/>\n\u2705 Cena: 300 z\u0142<\/p>\n<p>Po zakupie skontaktuj si\u0119 z kancelari\u0105 mailowo w celu ustalenia terminu.<\/p>","protected":false},"excerpt":{"rendered":"<h5>Masz bardziej z\u0142o\u017cone pytania prawne?<br \/>\nWybierz 45-minutow\u0105 porad\u0119 prawn\u0105, dzi\u0119ki kt\u00f3rej otrzymasz dok\u0142adne wyja\u015bnienia i wskaz\u00f3wki dotycz\u0105ce Twojej sytuacji.<\/h5>","protected":false},"featured_media":909,"comment_status":"closed","ping_status":"closed","template":"","meta":{"_et_pb_use_builder":"","_et_pb_old_content":"","_et_gb_content_width":""},"product_brand":[],"product_cat":[26],"product_tag":[],"class_list":{"0":"post-908","1":"product","2":"type-product","3":"status-publish","4":"has-post-thumbnail","6":"product_cat-porady-prawne","8":"first","9":"instock","10":"virtual","11":"purchasable","12":"product-type-simple"},"_links":{"self":[{"href":"https:\/\/domiszewscy.pl\/en\/wp-json\/wp\/v2\/product\/908","targetHints":{"allow":["GET"]}}],"collection":[{"href":"https:\/\/domiszewscy.pl\/en\/wp-json\/wp\/v2\/product"}],"about":[{"href":"https:\/\/domiszewscy.pl\/en\/wp-json\/wp\/v2\/types\/product"}],"replies":[{"embeddable":true,"href":"https:\/\/domiszewscy.pl\/en\/wp-json\/wp\/v2\/comments?post=908"}],"wp:featuredmedia":[{"embeddable":true,"href":"https:\/\/domiszewscy.pl\/en\/wp-json\/wp\/v2\/media\/909"}],"wp:attachment":[{"href":"https:\/\/domiszewscy.pl\/en\/wp-json\/wp\/v2\/media?parent=908"}],"wp:term":[{"taxonomy":"product_brand","embeddable":true,"href":"https:\/\/domiszewscy.pl\/en\/wp-json\/wp\/v2\/product_brand?post=908"},{"taxonomy":"product_cat","embeddable":true,"href":"https:\/\/domiszewscy.pl\/en\/wp-json\/wp\/v2\/product_cat?post=908"},{"taxonomy":"product_tag","embeddable":true,"href":"https:\/\/domiszewscy.pl\/en\/wp-json\/wp\/v2\/product_tag?post=908"}],"curies":[{"name":"wp","href":"https:\/\/api.w.org\/{rel}","templated":true}]}}