{"id":904,"date":"2025-02-25T19:52:03","date_gmt":"2025-02-25T19:52:03","guid":{"rendered":"https:\/\/domiszewscy.pl\/?post_type=product&#038;p=904"},"modified":"2025-02-27T14:56:16","modified_gmt":"2025-02-27T14:56:16","slug":"porada-prawna-15-minut","status":"publish","type":"product","link":"https:\/\/domiszewscy.pl\/en\/product\/porada-prawna-15-minut\/","title":{"rendered":"Legal Advice \u2013 15 minutes"},"content":{"rendered":"<h3>Potrzebujesz szybkiej konsultacji prawnej? Skorzystaj z 15-minutowej porady prawnej, podczas kt\u00f3rej adwokat udzieli Ci rzeczowej i konkretnej odpowiedzi na Twoje pytanie.<\/h3>\n<p>\u2705 Czas trwania: 15 minut \u2705 Termin: w ci\u0105gu 24 godzin od zakupu (po wcze\u015bniejszym ustaleniu) \u2705 Forma: stacjonarnie (ul. Kopisto 11\/322, Rzesz\u00f3w), telefonicznie lub online \u2705 Cena: 150 z\u0142 Po zakupie skontaktuj si\u0119 z kancelari\u0105 mailowo w celu ustalenia terminu.<\/p>","protected":false},"excerpt":{"rendered":"<h5>Potrzebujesz szybkiej konsultacji prawnej?<br \/>\nSkorzystaj z 15-minutowej porady prawnej, podczas kt\u00f3rej adwokat udzieli Ci rzeczowej i konkretnej odpowiedzi na Twoje pytanie.<\/h5>","protected":false},"featured_media":906,"comment_status":"closed","ping_status":"closed","template":"","meta":{"_et_pb_use_builder":"off","_et_pb_old_content":"<h3>Potrzebujesz szybkiej konsultacji prawnej?\r\nSkorzystaj z 15-minutowej porady prawnej, podczas kt\u00f3rej adwokat udzieli Ci rzeczowej i konkretnej odpowiedzi na Twoje pytanie.<\/h3>\r\n\u2705 Czas trwania: 15 minut\r\n\u2705 Termin: w ci\u0105gu 24 godzin od zakupu (po wcze\u015bniejszym ustaleniu)\r\n\u2705 Forma: stacjonarnie (ul. Kopisto 11\/322, Rzesz\u00f3w), telefonicznie lub online\r\n\u2705 Cena: 150 z\u0142\r\n\r\nPo zakupie skontaktuj si\u0119 z kancelari\u0105 mailowo w celu ustalenia terminu.","_et_gb_content_width":""},"product_brand":[],"product_cat":[26],"product_tag":[],"class_list":{"0":"post-904","1":"product","2":"type-product","3":"status-publish","4":"has-post-thumbnail","6":"product_cat-porady-prawne","8":"first","9":"instock","10":"virtual","11":"purchasable","12":"product-type-simple"},"_links":{"self":[{"href":"https:\/\/domiszewscy.pl\/en\/wp-json\/wp\/v2\/product\/904","targetHints":{"allow":["GET"]}}],"collection":[{"href":"https:\/\/domiszewscy.pl\/en\/wp-json\/wp\/v2\/product"}],"about":[{"href":"https:\/\/domiszewscy.pl\/en\/wp-json\/wp\/v2\/types\/product"}],"replies":[{"embeddable":true,"href":"https:\/\/domiszewscy.pl\/en\/wp-json\/wp\/v2\/comments?post=904"}],"wp:featuredmedia":[{"embeddable":true,"href":"https:\/\/domiszewscy.pl\/en\/wp-json\/wp\/v2\/media\/906"}],"wp:attachment":[{"href":"https:\/\/domiszewscy.pl\/en\/wp-json\/wp\/v2\/media?parent=904"}],"wp:term":[{"taxonomy":"product_brand","embeddable":true,"href":"https:\/\/domiszewscy.pl\/en\/wp-json\/wp\/v2\/product_brand?post=904"},{"taxonomy":"product_cat","embeddable":true,"href":"https:\/\/domiszewscy.pl\/en\/wp-json\/wp\/v2\/product_cat?post=904"},{"taxonomy":"product_tag","embeddable":true,"href":"https:\/\/domiszewscy.pl\/en\/wp-json\/wp\/v2\/product_tag?post=904"}],"curies":[{"name":"wp","href":"https:\/\/api.w.org\/{rel}","templated":true}]}}