{"id":848,"date":"2025-02-25T19:13:37","date_gmt":"2025-02-25T19:13:37","guid":{"rendered":"https:\/\/domiszewscy.pl\/sklep\/"},"modified":"2026-01-19T11:32:17","modified_gmt":"2026-01-19T11:32:17","slug":"sklep","status":"publish","type":"page","link":"https:\/\/domiszewscy.pl\/en\/sklep\/","title":{"rendered":"Store"},"content":{"rendered":"<p>[et_pb_section fb_built=&#8221;1&#8243; fullwidth=&#8221;on&#8221; _builder_version=&#8221;4.27.4&#8243; _module_preset=&#8221;default&#8221; global_colors_info=&#8221;{}&#8221;][et_pb_fullwidth_post_title author=&#8221;off&#8221; date=&#8221;off&#8221; comments=&#8221;off&#8221; featured_image=&#8221;off&#8221; _builder_version=&#8221;4.27.4&#8243; _module_preset=&#8221;default&#8221; title_font=&#8221;Tenor Sans|||on|||||&#8221; title_text_align=&#8221;center&#8221; title_text_color=&#8221;#FFFFFF&#8221; title_font_size=&#8221;27px&#8221; title_letter_spacing=&#8221;2px&#8221; background_image=&#8221;https:\/\/domiszewscy.pl\/wp-content\/uploads\/2025\/02\/Domiszewscy_8.webp&#8221; module_alignment=&#8221;center&#8221; custom_padding=&#8221;70px||70px||false|false&#8221; title_font_size_tablet=&#8221;27px&#8221; title_font_size_phone=&#8221;20px&#8221; title_font_size_last_edited=&#8221;on|phone&#8221; global_colors_info=&#8221;{}&#8221;][\/et_pb_fullwidth_post_title][\/et_pb_section][et_pb_section fb_built=&#8221;1&#8243; _builder_version=&#8221;4.27.4&#8243; _module_preset=&#8221;default&#8221; custom_margin=&#8221;||0px||false|false&#8221; custom_padding=&#8221;||0px||false|false&#8221; global_colors_info=&#8221;{}&#8221;][et_pb_row _builder_version=&#8221;4.27.4&#8243; _module_preset=&#8221;default&#8221; width=&#8221;100%&#8221; max_width=&#8221;1400px&#8221; custom_margin=&#8221;||0px||false|false&#8221; custom_padding=&#8221;0px||0px||false|false&#8221; global_colors_info=&#8221;{}&#8221;][et_pb_column type=&#8221;4_4&#8243; _builder_version=&#8221;4.27.4&#8243; _module_preset=&#8221;default&#8221; global_colors_info=&#8221;{}&#8221;][et_pb_text _builder_version=&#8221;4.27.4&#8243; _module_preset=&#8221;default&#8221; header_3_font=&#8221;Tenor Sans||||||||&#8221; header_3_text_align=&#8221;center&#8221; header_3_text_color=&#8221;gcid-primary-color&#8221; header_3_font_size=&#8221;25px&#8221; header_3_line_height=&#8221;1.15em&#8221; header_3_font_size_tablet=&#8221;25px&#8221; header_3_font_size_phone=&#8221;20px&#8221; header_3_font_size_last_edited=&#8221;on|desktop&#8221; global_colors_info=&#8221;{%22gcid-primary-color%22:%91%22header_3_text_color%22%93}&#8221;]<\/p>\n<h3>Porady prawne<\/h3>\n<p>[\/et_pb_text][et_pb_shop type=&#8221;latest&#8221; columns_number=&#8221;4&#8243; show_rating=&#8221;off&#8221; show_sale_badge=&#8221;off&#8221; _builder_version=&#8221;4.27.4&#8243; _module_preset=&#8221;default&#8221; title_font_size=&#8221;20px&#8221; title_line_height=&#8221;1.15em&#8221; price_font=&#8221;Montserrat||||||||&#8221; price_text_color=&#8221;gcid-primary-color&#8221; price_font_size=&#8221;20px&#8221; text_orientation=&#8221;center&#8221; custom_margin=&#8221;||0px||false|false&#8221; custom_padding=&#8221;||0px||false|false&#8221; custom_padding_tablet=&#8221;||0px||false|false&#8221; custom_padding_phone=&#8221;|4%||4%|false|false&#8221; custom_padding_last_edited=&#8221;on|phone&#8221; hover_enabled=&#8221;0&#8243; title_font_size_tablet=&#8221;20px&#8221; title_font_size_phone=&#8221;16px&#8221; title_font_size_last_edited=&#8221;on|phone&#8221; price_font_size_tablet=&#8221;20px&#8221; price_font_size_phone=&#8221;16px&#8221; price_font_size_last_edited=&#8221;on|phone&#8221; global_colors_info=&#8221;{%22gcid-primary-color%22:%91%22price_text_color%22%93}&#8221; sticky_enabled=&#8221;0&#8243;][\/et_pb_shop][\/et_pb_column][\/et_pb_row][\/et_pb_section][et_pb_section fb_built=&#8221;1&#8243; _builder_version=&#8221;4.27.4&#8243; _module_preset=&#8221;default&#8221; background_color=&#8221;#000000&#8243; global_colors_info=&#8221;{}&#8221;][et_pb_row column_structure=&#8221;1_2,1_2&#8243; _builder_version=&#8221;4.27.4&#8243; _module_preset=&#8221;default&#8221; width=&#8221;100%&#8221; max_width=&#8221;1400px&#8221; custom_margin=&#8221;0px||||false|false&#8221; custom_margin_tablet=&#8221;0px||||false|false&#8221; custom_margin_phone=&#8221;-25px||||false|false&#8221; custom_margin_last_edited=&#8221;on|phone&#8221; custom_padding=&#8221;0px||0px||false|false&#8221; global_colors_info=&#8221;{}&#8221;][et_pb_column type=&#8221;1_2&#8243; _builder_version=&#8221;4.27.4&#8243; _module_preset=&#8221;default&#8221; global_colors_info=&#8221;{}&#8221;][et_pb_image src=&#8221;https:\/\/domiszewscy.pl\/wp-content\/uploads\/2025\/03\/domiszewscy_glownatlo-1.webp&#8221; title_text=&#8221;domiszewscy_glownatlo-1&#8243; _builder_version=&#8221;4.27.4&#8243; _module_preset=&#8221;default&#8221; global_colors_info=&#8221;{}&#8221;][\/et_pb_image][\/et_pb_column][et_pb_column type=&#8221;1_2&#8243; _builder_version=&#8221;4.27.4&#8243; _module_preset=&#8221;default&#8221; global_colors_info=&#8221;{}&#8221;][et_pb_text _builder_version=&#8221;4.27.4&#8243; _module_preset=&#8221;default&#8221; text_font=&#8221;Montserrat||||||||&#8221; text_text_color=&#8221;#FFFFFF&#8221; text_font_size=&#8221;16px&#8221; header_3_font=&#8221;Tenor Sans||||||||&#8221; header_3_text_align=&#8221;center&#8221; header_3_text_color=&#8221;gcid-secondary-color&#8221; header_3_font_size=&#8221;26px&#8221; text_orientation=&#8221;justified&#8221; custom_margin=&#8221;25%||||false|false&#8221; custom_margin_tablet=&#8221;25%||||false|false&#8221; custom_margin_phone=&#8221;0%||||false|false&#8221; custom_margin_last_edited=&#8221;on|desktop&#8221; custom_padding=&#8221;|0px||0px|false|false&#8221; custom_padding_tablet=&#8221;|0px||0px|false|false&#8221; custom_padding_phone=&#8221;|20px||20px|false|false&#8221; custom_padding_last_edited=&#8221;on|phone&#8221; text_font_size_tablet=&#8221;16px&#8221; text_font_size_phone=&#8221;14px&#8221; text_font_size_last_edited=&#8221;on|phone&#8221; header_3_text_align_tablet=&#8221;left&#8221; header_3_text_align_phone=&#8221;center&#8221; header_3_text_align_last_edited=&#8221;on|phone&#8221; header_3_font_size_tablet=&#8221;26px&#8221; header_3_font_size_phone=&#8221;20px&#8221; header_3_font_size_last_edited=&#8221;on|phone&#8221; global_colors_info=&#8221;{%22gcid-secondary-color%22:%91%22header_3_text_color%22%93}&#8221;]<\/p>\n<h3>PROWADZENIE SPRAWY<\/h3>\n<p>Nasza kancelaria specjalizuje si\u0119 w\u00a0kompleksowym prowadzeniu spraw klient\u00f3w \u2013 od\u00a0analizy sytuacji, przez\u00a0przygotowanie strategii, a\u017c\u00a0po\u00a0reprezentacj\u0119 przed\u00a0s\u0105dami i\u00a0urz\u0119dami. Dbamy o\u00a0skuteczno\u015b\u0107 i\u00a0przejrzyst\u0105 komunikacj\u0119, aby ka\u017cdy etap post\u0119powania by\u0142 dla Ciebie zrozumia\u0142y i\u00a0przewidywalny.<\/p>\n<p>Powierz swoj\u0105 spraw\u0119 do\u015bwiadczonym prawnikom \u2013 skontaktuj si\u0119 z\u00a0nami, aby om\u00f3wi\u0107 szczeg\u00f3\u0142y i\u00a0podj\u0105\u0107 najlepsze kroki prawne.<\/p>\n<p>Koszt prowadzenia sprawy ustalamy indywidualnie, po\u00a0zapoznaniu si\u0119 ze\u00a0szczeg\u00f3\u0142ami i\u00a0zakresem potrzebnych dzia\u0142a\u0144. Skontaktuj si\u0119 z\u00a0nami, aby om\u00f3wi\u0107 swoj\u0105 sytuacj\u0119 i\u00a0otrzyma\u0107 wycen\u0119.<\/p>\n<p>[\/et_pb_text][et_pb_button button_url=&#8221;https:\/\/domiszewscy.pl\/rezerwacja\/&#8221; button_text=&#8221;UM\u00d3W SI\u0118 NA\u00a0konsultacj\u0119&#8221; button_alignment=&#8221;center&#8221; button_alignment_tablet=&#8221;left&#8221; button_alignment_phone=&#8221;center&#8221; button_alignment_last_edited=&#8221;on|phone&#8221; _builder_version=&#8221;4.27.4&#8243; _module_preset=&#8221;7216c320-e535-4ce4-82d5-dd2617973c1a&#8221; button_text_size=&#8221;16px&#8221; button_border_width=&#8221;2px&#8221; button_border_color=&#8221;gcid-ae55d8f1-bca8-49c9-b535-2730bd9a4ff7&#8243; button_border_radius=&#8221;0px&#8221; button_letter_spacing=&#8221;2px&#8221; button_font=&#8221;Tenor Sans|700||on|||||&#8221; background_layout=&#8221;dark&#8221; custom_margin=&#8221;30px||0px||false|false&#8221; custom_padding=&#8221;10px||10px||true|true&#8221; animation_style=&#8221;slide&#8221; animation_direction=&#8221;right&#8221; button_text_size_tablet=&#8221;14px&#8221; button_text_size_phone=&#8221;10px&#8221; button_text_size_last_edited=&#8221;on|phone&#8221; button_text_color_tablet=&#8221;&#8221; button_text_color_phone=&#8221;&#8221; button_text_color_last_edited=&#8221;on|desktop&#8221; button_letter_spacing_hover=&#8221;2px&#8221; locked=&#8221;off&#8221; global_colors_info=&#8221;{%22gcid-primary-color%22:%91%22button_bg_color%22,%22button_bg_color%22,%22button_bg_color%22,%22button_bg_color%22%93,%22gcid-ae55d8f1-bca8-49c9-b535-2730bd9a4ff7%22:%91%22button_text_color__hover%22,%22button_border_color%22%93,%22gcid-76513e5b-e8e5-4156-ab5e-395234dad52b%22:%91%22button_border_color__hover%22%93}&#8221; button_text_size__hover_enabled=&#8221;off&#8221; button_one_text_size__hover_enabled=&#8221;off&#8221; button_two_text_size__hover_enabled=&#8221;off&#8221; button_text_color__hover_enabled=&#8221;on|hover&#8221; button_one_text_color__hover_enabled=&#8221;off&#8221; button_two_text_color__hover_enabled=&#8221;off&#8221; button_border_width__hover_enabled=&#8221;off&#8221; button_one_border_width__hover_enabled=&#8221;off&#8221; button_two_border_width__hover_enabled=&#8221;off&#8221; button_border_color__hover_enabled=&#8221;on|hover&#8221; button_one_border_color__hover_enabled=&#8221;off&#8221; button_two_border_color__hover_enabled=&#8221;off&#8221; button_border_radius__hover_enabled=&#8221;off&#8221; button_one_border_radius__hover_enabled=&#8221;off&#8221; button_two_border_radius__hover_enabled=&#8221;off&#8221; button_letter_spacing__hover_enabled=&#8221;on|hover&#8221; button_letter_spacing__hover=&#8221;2px&#8221; button_one_letter_spacing__hover_enabled=&#8221;off&#8221; button_two_letter_spacing__hover_enabled=&#8221;off&#8221; button_bg_color__hover_enabled=&#8221;on|hover&#8221; button_one_bg_color__hover_enabled=&#8221;off&#8221; button_two_bg_color__hover_enabled=&#8221;off&#8221; button_bg_color__hover=&#8221;#FFFFFF&#8221; button_bg_enable_color__hover=&#8221;on&#8221; button_text_color__hover=&#8221;#bf7f64&#8243; button_border_color__hover=&#8221;#ffffff&#8221;][\/et_pb_button][\/et_pb_column][\/et_pb_row][\/et_pb_section][et_pb_section fb_built=&#8221;1&#8243; _builder_version=&#8221;4.27.4&#8243; _module_preset=&#8221;default&#8221; background_color=&#8221;#000000&#8243; global_colors_info=&#8221;{}&#8221;][et_pb_row _builder_version=&#8221;4.27.4&#8243; _module_preset=&#8221;default&#8221; background_color=&#8221;RGBA(255,255,255,0)&#8221; custom_margin=&#8221;27px||0px||false|false&#8221; border_color_all=&#8221;gcid-ae55d8f1-bca8-49c9-b535-2730bd9a4ff7&#8243; border_width_top=&#8221;1px&#8221; border_width_right=&#8221;1px&#8221; border_width_bottom=&#8221;1px&#8221; border_width_left=&#8221;1px&#8221; global_colors_info=&#8221;{%22gcid-ae55d8f1-bca8-49c9-b535-2730bd9a4ff7%22:%91%22border_color_all%22%93}&#8221;][et_pb_column type=&#8221;4_4&#8243; _builder_version=&#8221;4.27.4&#8243; _module_preset=&#8221;default&#8221; global_colors_info=&#8221;{}&#8221;][et_pb_text _builder_version=&#8221;4.27.4&#8243; _module_preset=&#8221;fb7912fe-06a4-469e-97e1-65e1010adeae&#8221; text_font=&#8221;&#8211;et_global_body_font||||||||&#8221; text_line_height=&#8221;1.8em&#8221; header_font=&#8221;Tenor Sans||||||||&#8221; header_text_align=&#8221;left&#8221; header_text_color=&#8221;#FFFFFF&#8221; header_font_size=&#8221;50px&#8221; header_line_height=&#8221;1.2em&#8221; header_2_font=&#8221;||||||||&#8221; header_3_font=&#8221;Tenor Sans||||||||&#8221; header_3_text_color=&#8221;#FFFFFF&#8221; header_3_font_size=&#8221;30px&#8221; header_3_line_height=&#8221;2em&#8221; header_4_text_color=&#8221;gcid-f86df0c4-ec1d-48d3-9900-f5e7fc66954f&#8221; header_4_font_size=&#8221;20px&#8221; header_4_line_height=&#8221;1.15em&#8221; text_orientation=&#8221;justified&#8221; max_width=&#8221;600px&#8221; module_alignment=&#8221;center&#8221; custom_margin=&#8221;||20px||false|false&#8221; text_font_size_tablet=&#8221;&#8221; text_font_size_phone=&#8221;13px&#8221; text_font_size_last_edited=&#8221;on|desktop&#8221; header_text_align_tablet=&#8221;left&#8221; header_text_align_phone=&#8221;center&#8221; header_text_align_last_edited=&#8221;on|phone&#8221; header_font_size_tablet=&#8221;&#8221; header_font_size_phone=&#8221;30px&#8221; header_font_size_last_edited=&#8221;on|phone&#8221; header_4_font_size_tablet=&#8221;20px&#8221; header_4_font_size_phone=&#8221;16px&#8221; header_4_font_size_last_edited=&#8221;on|desktop&#8221; text_orientation_tablet=&#8221;justified&#8221; text_orientation_phone=&#8221;center&#8221; text_orientation_last_edited=&#8221;on|phone&#8221; locked=&#8221;off&#8221; global_colors_info=&#8221;{%22gcid-f86df0c4-ec1d-48d3-9900-f5e7fc66954f%22:%91%22header_3_text_color%22,%22header_4_text_color%22%93}&#8221; text_font_size__hover_enabled=&#8221;off|desktop&#8221;]<\/p>\n<h4 style=\"text-align: center;\">Masz pytania?<br \/>Potrzebujesz pomocy prawnej?<\/h4>\n<h3 style=\"text-align: center;\">Skontaktuj si\u0119 z&nbsp;nami ju\u017c dzi\u015b!<\/h3>\n<p>[\/et_pb_text][\/et_pb_column][\/et_pb_row][et_pb_row _builder_version=&#8221;4.27.4&#8243; _module_preset=&#8221;default&#8221; border_color_all=&#8221;gcid-ae55d8f1-bca8-49c9-b535-2730bd9a4ff7&#8243; global_colors_info=&#8221;{%22gcid-ae55d8f1-bca8-49c9-b535-2730bd9a4ff7%22:%91%22border_color_all%22%93}&#8221;][et_pb_column type=&#8221;4_4&#8243; _builder_version=&#8221;4.27.4&#8243; _module_preset=&#8221;default&#8221; global_colors_info=&#8221;{}&#8221;][et_pb_button button_url=&#8221;https:\/\/domiszewscy.pl\/rezerwacja\/&#8221; button_text=&#8221;ZAREZERWUJ SPOTKANIE&#8221; button_alignment=&#8221;center&#8221; _builder_version=&#8221;4.27.4&#8243; _module_preset=&#8221;7216c320-e535-4ce4-82d5-dd2617973c1a&#8221; button_text_size=&#8221;17px&#8221; button_border_width=&#8221;2px&#8221; button_border_color=&#8221;gcid-ae55d8f1-bca8-49c9-b535-2730bd9a4ff7&#8243; button_border_radius=&#8221;0px&#8221; button_letter_spacing=&#8221;2px&#8221; button_font=&#8221;Karla|700||on|||||&#8221; button_use_icon=&#8221;off&#8221; background_layout=&#8221;dark&#8221; custom_margin=&#8221;-55px||||false|false&#8221; custom_padding=&#8221;10px||10px|&#8221; animation_style=&#8221;slide&#8221; button_text_size_tablet=&#8221;14px&#8221; button_text_size_phone=&#8221;12px&#8221; button_text_size_last_edited=&#8221;on|phone&#8221; button_text_color_tablet=&#8221;&#8221; button_text_color_phone=&#8221;&#8221; button_text_color_last_edited=&#8221;on|desktop&#8221; button_letter_spacing_hover=&#8221;2px&#8221; locked=&#8221;off&#8221; global_colors_info=&#8221;{%22gcid-primary-color%22:%91%22button_bg_color%22,%22button_bg_color%22,%22button_bg_color%22,%22button_bg_color%22%93,%22gcid-ae55d8f1-bca8-49c9-b535-2730bd9a4ff7%22:%91%22button_text_color__hover%22,%22button_border_color%22%93,%22gcid-76513e5b-e8e5-4156-ab5e-395234dad52b%22:%91%22button_border_color__hover%22%93}&#8221; button_text_size__hover_enabled=&#8221;off&#8221; button_one_text_size__hover_enabled=&#8221;off&#8221; button_two_text_size__hover_enabled=&#8221;off&#8221; button_text_color__hover_enabled=&#8221;on|hover&#8221; button_one_text_color__hover_enabled=&#8221;off&#8221; button_two_text_color__hover_enabled=&#8221;off&#8221; button_border_width__hover_enabled=&#8221;off&#8221; button_one_border_width__hover_enabled=&#8221;off&#8221; button_two_border_width__hover_enabled=&#8221;off&#8221; button_border_color__hover_enabled=&#8221;on|hover&#8221; button_one_border_color__hover_enabled=&#8221;off&#8221; button_two_border_color__hover_enabled=&#8221;off&#8221; button_border_radius__hover_enabled=&#8221;off&#8221; button_one_border_radius__hover_enabled=&#8221;off&#8221; button_two_border_radius__hover_enabled=&#8221;off&#8221; button_letter_spacing__hover_enabled=&#8221;on|hover&#8221; button_letter_spacing__hover=&#8221;2px&#8221; button_one_letter_spacing__hover_enabled=&#8221;off&#8221; button_two_letter_spacing__hover_enabled=&#8221;off&#8221; button_bg_color__hover_enabled=&#8221;on|hover&#8221; button_one_bg_color__hover_enabled=&#8221;off&#8221; button_two_bg_color__hover_enabled=&#8221;off&#8221; button_bg_color__hover=&#8221;#FFFFFF&#8221; button_bg_enable_color__hover=&#8221;on&#8221; button_text_color__hover=&#8221;#bf7f64&#8243; button_border_color__hover=&#8221;#ffffff&#8221;][\/et_pb_button][\/et_pb_column][\/et_pb_row][\/et_pb_section]<\/p>\n","protected":false},"excerpt":{"rendered":"<p>Porady prawnePROWADZENIE SPRAWY Nasza kancelaria specjalizuje si\u0119 w\u00a0kompleksowym prowadzeniu spraw klient\u00f3w \u2013 od\u00a0analizy sytuacji, przez\u00a0przygotowanie strategii, a\u017c\u00a0po\u00a0reprezentacj\u0119 przed\u00a0s\u0105dami i\u00a0urz\u0119dami. Dbamy o\u00a0skuteczno\u015b\u0107 i\u00a0przejrzyst\u0105 komunikacj\u0119, aby ka\u017cdy etap post\u0119powania by\u0142 dla Ciebie zrozumia\u0142y i\u00a0przewidywalny. Powierz swoj\u0105 spraw\u0119 do\u015bwiadczonym prawnikom \u2013 skontaktuj si\u0119 z\u00a0nami, aby om\u00f3wi\u0107 szczeg\u00f3\u0142y i\u00a0podj\u0105\u0107 najlepsze kroki prawne. Koszt prowadzenia sprawy ustalamy indywidualnie, po\u00a0zapoznaniu si\u0119 [&hellip;]<\/p>\n","protected":false},"author":1,"featured_media":0,"parent":0,"menu_order":0,"comment_status":"closed","ping_status":"closed","template":"","meta":{"_et_pb_use_builder":"on","_et_pb_old_content":"","_et_gb_content_width":"","two_page_speed":[],"footnotes":""},"difl_page_category":[],"class_list":["post-848","page","type-page","status-publish","hentry"],"_links":{"self":[{"href":"https:\/\/domiszewscy.pl\/en\/wp-json\/wp\/v2\/pages\/848","targetHints":{"allow":["GET"]}}],"collection":[{"href":"https:\/\/domiszewscy.pl\/en\/wp-json\/wp\/v2\/pages"}],"about":[{"href":"https:\/\/domiszewscy.pl\/en\/wp-json\/wp\/v2\/types\/page"}],"author":[{"embeddable":true,"href":"https:\/\/domiszewscy.pl\/en\/wp-json\/wp\/v2\/users\/1"}],"replies":[{"embeddable":true,"href":"https:\/\/domiszewscy.pl\/en\/wp-json\/wp\/v2\/comments?post=848"}],"version-history":[{"count":4,"href":"https:\/\/domiszewscy.pl\/en\/wp-json\/wp\/v2\/pages\/848\/revisions"}],"predecessor-version":[{"id":1964,"href":"https:\/\/domiszewscy.pl\/en\/wp-json\/wp\/v2\/pages\/848\/revisions\/1964"}],"wp:attachment":[{"href":"https:\/\/domiszewscy.pl\/en\/wp-json\/wp\/v2\/media?parent=848"}],"wp:term":[{"taxonomy":"difl_page_category","embeddable":true,"href":"https:\/\/domiszewscy.pl\/en\/wp-json\/wp\/v2\/difl_page_category?post=848"}],"curies":[{"name":"wp","href":"https:\/\/api.w.org\/{rel}","templated":true}]}}