{"id":31,"date":"2024-11-07T12:49:35","date_gmt":"2024-11-07T12:49:35","guid":{"rendered":"https:\/\/domiszewscy.pl\/?page_id=31"},"modified":"2025-04-23T21:53:15","modified_gmt":"2025-04-23T21:53:15","slug":"rezerwacja","status":"publish","type":"page","link":"https:\/\/domiszewscy.pl\/en\/rezerwacja\/","title":{"rendered":"Reservation"},"content":{"rendered":"<p>[et_pb_section fb_built=&#8221;1&#8243; fullwidth=&#8221;on&#8221; _builder_version=&#8221;4.27.4&#8243; _module_preset=&#8221;default&#8221; global_colors_info=&#8221;{}&#8221;][et_pb_fullwidth_post_title author=&#8221;off&#8221; date=&#8221;off&#8221; comments=&#8221;off&#8221; featured_image=&#8221;off&#8221; _builder_version=&#8221;4.27.4&#8243; _module_preset=&#8221;default&#8221; title_font=&#8221;Tenor Sans|||on|||||&#8221; title_text_align=&#8221;center&#8221; title_text_color=&#8221;#FFFFFF&#8221; title_font_size=&#8221;27px&#8221; title_letter_spacing=&#8221;2px&#8221; background_image=&#8221;https:\/\/domiszewscy.pl\/wp-content\/uploads\/2025\/02\/Domiszewscy_8.webp&#8221; module_alignment=&#8221;center&#8221; custom_padding=&#8221;70px||70px||false|false&#8221; title_font_size_tablet=&#8221;27px&#8221; title_font_size_phone=&#8221;20px&#8221; title_font_size_last_edited=&#8221;on|phone&#8221; global_colors_info=&#8221;{}&#8221;][\/et_pb_fullwidth_post_title][\/et_pb_section][et_pb_section fb_built=&#8221;1&#8243; _builder_version=&#8221;4.24.0&#8243; _module_preset=&#8221;default&#8221; background_color=&#8221;#000000&#8243; custom_padding=&#8221;3px|||||&#8221; global_colors_info=&#8221;{}&#8221;][et_pb_row column_structure=&#8221;1_2,1_2&#8243; _builder_version=&#8221;4.27.4&#8243; _module_preset=&#8221;default&#8221; custom_margin=&#8221;20px||||false|false&#8221; global_colors_info=&#8221;{}&#8221;][et_pb_column type=&#8221;1_2&#8243; _builder_version=&#8221;4.27.4&#8243; _module_preset=&#8221;default&#8221; animation_direction=&#8221;left&#8221; global_colors_info=&#8221;{}&#8221;][et_pb_image src=&#8221;https:\/\/domiszewscy.pl\/wp-content\/uploads\/2025\/04\/Adwokat-Marta-Domiszewska-980&#215;1469-1.webp&#8221; _builder_version=&#8221;4.27.4&#8243; _module_preset=&#8221;default&#8221; global_colors_info=&#8221;{}&#8221;][\/et_pb_image][et_pb_text _builder_version=&#8221;4.27.4&#8243; _module_preset=&#8221;default&#8221; text_font=&#8221;Montserrat||||||||&#8221; text_text_color=&#8221;#FFFFFF&#8221; text_font_size=&#8221;16px&#8221; header_text_color=&#8221;#bf7f64&#8243; header_3_font=&#8221;Tenor Sans||||||||&#8221; header_3_text_color=&#8221;#FFFFFF&#8221; header_3_font_size=&#8221;27px&#8221; animation_direction=&#8221;left&#8221; text_font_size_tablet=&#8221;16px&#8221; text_font_size_phone=&#8221;16px&#8221; text_font_size_last_edited=&#8221;on|phone&#8221; header_3_font_size_tablet=&#8221;27px&#8221; header_3_font_size_phone=&#8221;20px&#8221; header_3_font_size_last_edited=&#8221;on|phone&#8221; global_colors_info=&#8221;{}&#8221;]<\/p>\n<h3 style=\"text-align: center;\">Adwokat Marta Domiszewska<\/h3>\n<p style=\"text-align: center;\"><a href=\"tel:+48888849735\">+48 888 849 735<\/a><\/p>\n<p>[\/et_pb_text][et_pb_button button_url=&#8221;https:\/\/kancelaria-adwokacka-adwokat-marta-czarna.bookafy.com\/&#8221; button_text=&#8221;ZAREZERWUJ SPOTKANIE&#8221; button_alignment=&#8221;center&#8221; _builder_version=&#8221;4.27.4&#8243; _module_preset=&#8221;7216c320-e535-4ce4-82d5-dd2617973c1a&#8221; button_text_size=&#8221;16px&#8221; button_border_width=&#8221;2px&#8221; button_border_color=&#8221;gcid-ae55d8f1-bca8-49c9-b535-2730bd9a4ff7&#8243; button_border_radius=&#8221;0px&#8221; button_letter_spacing=&#8221;2px&#8221; button_font=&#8221;Tenor Sans|700||on|||||&#8221; background_layout=&#8221;dark&#8221; custom_margin=&#8221;30px||0px||false|false&#8221; custom_padding=&#8221;10px||10px||true|true&#8221; animation_direction=&#8221;left&#8221; button_text_size_tablet=&#8221;14px&#8221; button_text_size_phone=&#8221;10px&#8221; button_text_size_last_edited=&#8221;on|phone&#8221; button_text_color_tablet=&#8221;&#8221; button_text_color_phone=&#8221;&#8221; button_text_color_last_edited=&#8221;on|desktop&#8221; button_letter_spacing_hover=&#8221;2px&#8221; locked=&#8221;off&#8221; global_colors_info=&#8221;{%22gcid-primary-color%22:%91%22button_bg_color%22,%22button_bg_color%22,%22button_bg_color%22,%22button_bg_color%22%93,%22gcid-ae55d8f1-bca8-49c9-b535-2730bd9a4ff7%22:%91%22button_text_color__hover%22,%22button_border_color%22%93,%22gcid-76513e5b-e8e5-4156-ab5e-395234dad52b%22:%91%22button_border_color__hover%22%93}&#8221; button_text_size__hover_enabled=&#8221;off&#8221; button_one_text_size__hover_enabled=&#8221;off&#8221; button_two_text_size__hover_enabled=&#8221;off&#8221; button_text_color__hover_enabled=&#8221;on|hover&#8221; button_one_text_color__hover_enabled=&#8221;off&#8221; button_two_text_color__hover_enabled=&#8221;off&#8221; button_border_width__hover_enabled=&#8221;off&#8221; button_one_border_width__hover_enabled=&#8221;off&#8221; button_two_border_width__hover_enabled=&#8221;off&#8221; button_border_color__hover_enabled=&#8221;on|hover&#8221; button_one_border_color__hover_enabled=&#8221;off&#8221; button_two_border_color__hover_enabled=&#8221;off&#8221; button_border_radius__hover_enabled=&#8221;off&#8221; button_one_border_radius__hover_enabled=&#8221;off&#8221; button_two_border_radius__hover_enabled=&#8221;off&#8221; button_letter_spacing__hover_enabled=&#8221;on|hover&#8221; button_letter_spacing__hover=&#8221;2px&#8221; button_one_letter_spacing__hover_enabled=&#8221;off&#8221; button_two_letter_spacing__hover_enabled=&#8221;off&#8221; button_bg_color__hover_enabled=&#8221;on|hover&#8221; button_one_bg_color__hover_enabled=&#8221;off&#8221; button_two_bg_color__hover_enabled=&#8221;off&#8221; button_bg_color__hover=&#8221;#FFFFFF&#8221; button_bg_enable_color__hover=&#8221;on&#8221; button_text_color__hover=&#8221;#bf7f64&#8243; button_border_color__hover=&#8221;#ffffff&#8221;][\/et_pb_button][\/et_pb_column][et_pb_column type=&#8221;1_2&#8243; _builder_version=&#8221;4.27.4&#8243; _module_preset=&#8221;default&#8221; animation_direction=&#8221;right&#8221; global_colors_info=&#8221;{}&#8221;][et_pb_image src=&#8221;https:\/\/domiszewscy.pl\/wp-content\/uploads\/2025\/04\/Adwokat-Mateusz-Domiszewski-980&#215;1469-1.webp&#8221; _builder_version=&#8221;4.27.4&#8243; _module_preset=&#8221;default&#8221; global_colors_info=&#8221;{}&#8221;][\/et_pb_image][et_pb_text _builder_version=&#8221;4.27.4&#8243; _module_preset=&#8221;default&#8221; text_font=&#8221;Montserrat||||||||&#8221; text_text_color=&#8221;#FFFFFF&#8221; text_font_size=&#8221;16px&#8221; header_text_color=&#8221;#bf7f64&#8243; header_3_font=&#8221;Tenor Sans||||||||&#8221; header_3_text_color=&#8221;#FFFFFF&#8221; header_3_font_size=&#8221;27px&#8221; animation_direction=&#8221;right&#8221; text_font_size_tablet=&#8221;16px&#8221; text_font_size_phone=&#8221;16px&#8221; text_font_size_last_edited=&#8221;on|phone&#8221; header_3_font_size_tablet=&#8221;27px&#8221; header_3_font_size_phone=&#8221;20px&#8221; header_3_font_size_last_edited=&#8221;on|phone&#8221; global_colors_info=&#8221;{}&#8221;]<\/p>\n<h3 style=\"text-align: center;\">Adwokat Mateusz Domiszewski<\/h3>\n<p style=\"text-align: center;\"><a href=\"tel:+48792243267\">+48 792 243 267<\/a><\/p>\n<p>[\/et_pb_text][et_pb_button button_url=&#8221;https:\/\/kancelaria-adwokacka-adwokat-mateusz-domiszewski.bookafy.com\/&#8221; button_text=&#8221;ZAREZERWUJ SPOTKANIE&#8221; button_alignment=&#8221;center&#8221; _builder_version=&#8221;4.27.4&#8243; _module_preset=&#8221;7216c320-e535-4ce4-82d5-dd2617973c1a&#8221; button_text_size=&#8221;16px&#8221; button_border_width=&#8221;2px&#8221; button_border_color=&#8221;gcid-ae55d8f1-bca8-49c9-b535-2730bd9a4ff7&#8243; button_border_radius=&#8221;0px&#8221; button_letter_spacing=&#8221;2px&#8221; button_font=&#8221;Tenor Sans|700||on|||||&#8221; background_layout=&#8221;dark&#8221; custom_margin=&#8221;30px||0px||false|false&#8221; custom_padding=&#8221;10px||10px||true|true&#8221; animation_direction=&#8221;right&#8221; button_text_size_tablet=&#8221;14px&#8221; button_text_size_phone=&#8221;10px&#8221; button_text_size_last_edited=&#8221;on|phone&#8221; button_text_color_tablet=&#8221;&#8221; button_text_color_phone=&#8221;&#8221; button_text_color_last_edited=&#8221;on|desktop&#8221; button_letter_spacing_hover=&#8221;2px&#8221; locked=&#8221;off&#8221; global_colors_info=&#8221;{%22gcid-primary-color%22:%91%22button_bg_color%22,%22button_bg_color%22,%22button_bg_color%22,%22button_bg_color%22%93,%22gcid-ae55d8f1-bca8-49c9-b535-2730bd9a4ff7%22:%91%22button_text_color__hover%22,%22button_border_color%22%93,%22gcid-76513e5b-e8e5-4156-ab5e-395234dad52b%22:%91%22button_border_color__hover%22%93}&#8221; button_text_size__hover_enabled=&#8221;off&#8221; button_one_text_size__hover_enabled=&#8221;off&#8221; button_two_text_size__hover_enabled=&#8221;off&#8221; button_text_color__hover_enabled=&#8221;on|hover&#8221; button_one_text_color__hover_enabled=&#8221;off&#8221; button_two_text_color__hover_enabled=&#8221;off&#8221; button_border_width__hover_enabled=&#8221;off&#8221; button_one_border_width__hover_enabled=&#8221;off&#8221; button_two_border_width__hover_enabled=&#8221;off&#8221; button_border_color__hover_enabled=&#8221;on|hover&#8221; button_one_border_color__hover_enabled=&#8221;off&#8221; button_two_border_color__hover_enabled=&#8221;off&#8221; button_border_radius__hover_enabled=&#8221;off&#8221; button_one_border_radius__hover_enabled=&#8221;off&#8221; button_two_border_radius__hover_enabled=&#8221;off&#8221; button_letter_spacing__hover_enabled=&#8221;on|hover&#8221; button_letter_spacing__hover=&#8221;2px&#8221; button_one_letter_spacing__hover_enabled=&#8221;off&#8221; button_two_letter_spacing__hover_enabled=&#8221;off&#8221; button_bg_color__hover_enabled=&#8221;on|hover&#8221; button_one_bg_color__hover_enabled=&#8221;off&#8221; button_two_bg_color__hover_enabled=&#8221;off&#8221; button_bg_color__hover=&#8221;#FFFFFF&#8221; button_bg_enable_color__hover=&#8221;on&#8221; button_text_color__hover=&#8221;#bf7f64&#8243; button_border_color__hover=&#8221;#ffffff&#8221;][\/et_pb_button][\/et_pb_column][\/et_pb_row][\/et_pb_section][et_pb_section fb_built=&#8221;1&#8243; _builder_version=&#8221;4.27.4&#8243; _module_preset=&#8221;default&#8221; custom_margin=&#8221;||0px||false|false&#8221; custom_padding=&#8221;||0px||false|false&#8221; global_colors_info=&#8221;{}&#8221;][et_pb_row _builder_version=&#8221;4.27.4&#8243; _module_preset=&#8221;default&#8221; width=&#8221;100%&#8221; max_width=&#8221;1400px&#8221; custom_padding=&#8221;0px||0px||false|false&#8221; global_colors_info=&#8221;{}&#8221;][et_pb_column type=&#8221;4_4&#8243; _builder_version=&#8221;4.27.4&#8243; _module_preset=&#8221;default&#8221; global_colors_info=&#8221;{}&#8221;][et_pb_text _builder_version=&#8221;4.27.4&#8243; _module_preset=&#8221;default&#8221; text_font=&#8221;Montserrat||||||||&#8221; text_font_size=&#8221;16px&#8221; header_3_font=&#8221;Tenor Sans||||||||&#8221; header_3_text_align=&#8221;center&#8221; header_3_text_color=&#8221;gcid-primary-color&#8221; header_3_font_size=&#8221;25px&#8221; header_3_line_height=&#8221;1.15em&#8221; text_orientation=&#8221;center&#8221; text_font_size_tablet=&#8221;16px&#8221; text_font_size_phone=&#8221;12px&#8221; text_font_size_last_edited=&#8221;on|phone&#8221; header_3_font_size_tablet=&#8221;25px&#8221; header_3_font_size_phone=&#8221;20px&#8221; header_3_font_size_last_edited=&#8221;on|phone&#8221; global_colors_info=&#8221;{%22gcid-primary-color%22:%91%22header_3_text_color%22%93}&#8221;]<\/p>\n<h3>Porady prawne<\/h3>\n<p>Skorzystaj z&nbsp;porady prawnej online lub um\u00f3w si\u0119 na&nbsp;spotkanie w&nbsp;naszym biurze.<\/p>\n<p>[\/et_pb_text][et_pb_shop type=&#8221;latest&#8221; columns_number=&#8221;3&#8243; show_rating=&#8221;off&#8221; show_sale_badge=&#8221;off&#8221; _builder_version=&#8221;4.27.4&#8243; _module_preset=&#8221;default&#8221; title_font_size=&#8221;20px&#8221; title_line_height=&#8221;1.15em&#8221; price_font=&#8221;Montserrat||||||||&#8221; price_text_color=&#8221;gcid-primary-color&#8221; price_font_size=&#8221;20px&#8221; text_orientation=&#8221;center&#8221; custom_padding_tablet=&#8221;&#8221; custom_padding_phone=&#8221;|4%||4%|false|false&#8221; custom_padding_last_edited=&#8221;on|phone&#8221; title_font_size_tablet=&#8221;20px&#8221; title_font_size_phone=&#8221;16px&#8221; title_font_size_last_edited=&#8221;on|phone&#8221; price_font_size_tablet=&#8221;20px&#8221; price_font_size_phone=&#8221;16px&#8221; price_font_size_last_edited=&#8221;on|phone&#8221; global_colors_info=&#8221;{%22gcid-primary-color%22:%91%22price_text_color%22%93}&#8221;][\/et_pb_shop][\/et_pb_column][\/et_pb_row][\/et_pb_section][et_pb_section fb_built=&#8221;1&#8243; _builder_version=&#8221;4.27.4&#8243; _module_preset=&#8221;default&#8221; background_color=&#8221;#000000&#8243; global_colors_info=&#8221;{}&#8221;][et_pb_row _builder_version=&#8221;4.27.4&#8243; _module_preset=&#8221;default&#8221; background_color=&#8221;RGBA(255,255,255,0)&#8221; custom_margin=&#8221;27px||0px||false|false&#8221; border_color_all=&#8221;gcid-ae55d8f1-bca8-49c9-b535-2730bd9a4ff7&#8243; border_width_top=&#8221;1px&#8221; border_width_right=&#8221;1px&#8221; border_width_bottom=&#8221;1px&#8221; border_width_left=&#8221;1px&#8221; global_colors_info=&#8221;{%22gcid-ae55d8f1-bca8-49c9-b535-2730bd9a4ff7%22:%91%22border_color_all%22%93}&#8221;][et_pb_column type=&#8221;4_4&#8243; _builder_version=&#8221;4.27.4&#8243; _module_preset=&#8221;default&#8221; global_colors_info=&#8221;{}&#8221;][et_pb_text _builder_version=&#8221;4.27.4&#8243; _module_preset=&#8221;fb7912fe-06a4-469e-97e1-65e1010adeae&#8221; text_font=&#8221;&#8211;et_global_body_font||||||||&#8221; text_line_height=&#8221;1.8em&#8221; header_font=&#8221;Tenor Sans||||||||&#8221; header_text_align=&#8221;left&#8221; header_text_color=&#8221;#FFFFFF&#8221; header_font_size=&#8221;50px&#8221; header_line_height=&#8221;1.2em&#8221; header_2_font=&#8221;||||||||&#8221; header_3_font=&#8221;Tenor Sans||||||||&#8221; header_3_text_color=&#8221;#FFFFFF&#8221; header_3_font_size=&#8221;30px&#8221; header_3_line_height=&#8221;2em&#8221; header_4_text_color=&#8221;gcid-f86df0c4-ec1d-48d3-9900-f5e7fc66954f&#8221; header_4_font_size=&#8221;20px&#8221; header_4_line_height=&#8221;1.15em&#8221; text_orientation=&#8221;justified&#8221; max_width=&#8221;600px&#8221; module_alignment=&#8221;center&#8221; custom_margin=&#8221;||20px||false|false&#8221; text_font_size_tablet=&#8221;&#8221; text_font_size_phone=&#8221;13px&#8221; text_font_size_last_edited=&#8221;on|desktop&#8221; header_text_align_tablet=&#8221;left&#8221; header_text_align_phone=&#8221;center&#8221; header_text_align_last_edited=&#8221;on|phone&#8221; header_font_size_tablet=&#8221;&#8221; header_font_size_phone=&#8221;30px&#8221; header_font_size_last_edited=&#8221;on|phone&#8221; header_4_font_size_tablet=&#8221;20px&#8221; header_4_font_size_phone=&#8221;16px&#8221; header_4_font_size_last_edited=&#8221;on|desktop&#8221; text_orientation_tablet=&#8221;justified&#8221; text_orientation_phone=&#8221;center&#8221; text_orientation_last_edited=&#8221;on|phone&#8221; locked=&#8221;off&#8221; global_colors_info=&#8221;{%22gcid-f86df0c4-ec1d-48d3-9900-f5e7fc66954f%22:%91%22header_3_text_color%22,%22header_4_text_color%22%93}&#8221; text_font_size__hover_enabled=&#8221;off|desktop&#8221;]<\/p>\n<h4 style=\"text-align: center;\">Masz pytania?<br \/>Potrzebujesz pomocy prawnej?<\/h4>\n<h3 style=\"text-align: center;\">Skontaktuj si\u0119 z&nbsp;nami ju\u017c dzi\u015b!<\/h3>\n<p>[\/et_pb_text][\/et_pb_column][\/et_pb_row][et_pb_row _builder_version=&#8221;4.27.4&#8243; _module_preset=&#8221;default&#8221; border_color_all=&#8221;gcid-ae55d8f1-bca8-49c9-b535-2730bd9a4ff7&#8243; global_colors_info=&#8221;{%22gcid-ae55d8f1-bca8-49c9-b535-2730bd9a4ff7%22:%91%22border_color_all%22%93}&#8221;][et_pb_column type=&#8221;4_4&#8243; _builder_version=&#8221;4.27.4&#8243; _module_preset=&#8221;default&#8221; global_colors_info=&#8221;{}&#8221;][et_pb_button button_url=&#8221;https:\/\/domiszewscy.pl\/rezerwacja\/&#8221; button_text=&#8221;ZAREZERWUJ SPOTKANIE&#8221; button_alignment=&#8221;center&#8221; _builder_version=&#8221;4.27.4&#8243; _module_preset=&#8221;7216c320-e535-4ce4-82d5-dd2617973c1a&#8221; button_text_size=&#8221;17px&#8221; button_border_width=&#8221;2px&#8221; button_border_color=&#8221;gcid-ae55d8f1-bca8-49c9-b535-2730bd9a4ff7&#8243; button_border_radius=&#8221;0px&#8221; button_letter_spacing=&#8221;2px&#8221; button_font=&#8221;Karla|700||on|||||&#8221; button_use_icon=&#8221;off&#8221; background_layout=&#8221;dark&#8221; custom_margin=&#8221;-55px||||false|false&#8221; custom_padding=&#8221;10px||10px|&#8221; animation_style=&#8221;slide&#8221; button_text_size_tablet=&#8221;14px&#8221; button_text_size_phone=&#8221;12px&#8221; button_text_size_last_edited=&#8221;on|phone&#8221; button_text_color_tablet=&#8221;&#8221; button_text_color_phone=&#8221;&#8221; button_text_color_last_edited=&#8221;on|desktop&#8221; button_letter_spacing_hover=&#8221;2px&#8221; locked=&#8221;off&#8221; global_colors_info=&#8221;{%22gcid-primary-color%22:%91%22button_bg_color%22,%22button_bg_color%22,%22button_bg_color%22,%22button_bg_color%22%93,%22gcid-ae55d8f1-bca8-49c9-b535-2730bd9a4ff7%22:%91%22button_text_color__hover%22,%22button_border_color%22%93,%22gcid-76513e5b-e8e5-4156-ab5e-395234dad52b%22:%91%22button_border_color__hover%22%93}&#8221; button_text_size__hover_enabled=&#8221;off&#8221; button_one_text_size__hover_enabled=&#8221;off&#8221; button_two_text_size__hover_enabled=&#8221;off&#8221; button_text_color__hover_enabled=&#8221;on|hover&#8221; button_one_text_color__hover_enabled=&#8221;off&#8221; button_two_text_color__hover_enabled=&#8221;off&#8221; button_border_width__hover_enabled=&#8221;off&#8221; button_one_border_width__hover_enabled=&#8221;off&#8221; button_two_border_width__hover_enabled=&#8221;off&#8221; button_border_color__hover_enabled=&#8221;on|hover&#8221; button_one_border_color__hover_enabled=&#8221;off&#8221; button_two_border_color__hover_enabled=&#8221;off&#8221; button_border_radius__hover_enabled=&#8221;off&#8221; button_one_border_radius__hover_enabled=&#8221;off&#8221; button_two_border_radius__hover_enabled=&#8221;off&#8221; button_letter_spacing__hover_enabled=&#8221;on|hover&#8221; button_letter_spacing__hover=&#8221;2px&#8221; button_one_letter_spacing__hover_enabled=&#8221;off&#8221; button_two_letter_spacing__hover_enabled=&#8221;off&#8221; button_bg_color__hover_enabled=&#8221;on|hover&#8221; button_one_bg_color__hover_enabled=&#8221;off&#8221; button_two_bg_color__hover_enabled=&#8221;off&#8221; button_bg_color__hover=&#8221;#FFFFFF&#8221; button_bg_enable_color__hover=&#8221;on&#8221; button_text_color__hover=&#8221;#bf7f64&#8243; button_border_color__hover=&#8221;#ffffff&#8221;][\/et_pb_button][\/et_pb_column][\/et_pb_row][\/et_pb_section][et_pb_section fb_built=&#8221;1&#8243; _builder_version=&#8221;4.27.4&#8243; _module_preset=&#8221;default&#8221; custom_margin=&#8221;0px||0px||false|false&#8221; custom_padding=&#8221;0px||0px||false|false&#8221; global_colors_info=&#8221;{}&#8221;][et_pb_row _builder_version=&#8221;4.27.4&#8243; _module_preset=&#8221;default&#8221; width=&#8221;100%&#8221; custom_margin=&#8221;0px||0px||false|false&#8221; custom_padding=&#8221;0px||0px||false|false&#8221; global_colors_info=&#8221;{}&#8221;][et_pb_column type=&#8221;4_4&#8243; _builder_version=&#8221;4.27.4&#8243; _module_preset=&#8221;default&#8221; global_colors_info=&#8221;{}&#8221;][difl_advanced_blurb title=&#8221;Potrzebujesz pomocy prawnej?&#8221; sub_title=&#8221;Pomo\u017cemy Ci\u00a0w\u00a0trudnej sytuacji&#8221; button_background_bgcolor=&#8221;gcid-primary-color&#8221; button_text=&#8221;WYPE\u0141NIJ FORMULARZ&#8221; button_url=&#8221;#popup1&#8243; button_alignment=&#8221;center&#8221; image=&#8221;https:\/\/domiszewscy.pl\/wp-content\/uploads\/2025\/04\/Domiszewscy_Kontakt.webp&#8221; title_background_bgcolor=&#8221;#000000&#8243; content_background_bgcolor=&#8221;RGBA(255,255,255,0)&#8221; content_width=&#8221;250px&#8221; title_margin=&#8221;-60px||||false|false&#8221; title_padding=&#8221;4%||||false|false&#8221; button_margin=&#8221;0%|4%|4%|4%|false|false&#8221; button_padding=&#8221;4%|4%|4%|4%|false|false&#8221; disabled_on=&#8221;on|off|off&#8221; _builder_version=&#8221;4.27.4&#8243; _module_preset=&#8221;default&#8221; title_font=&#8221;Tenor Sans||||||||&#8221; title_text_align=&#8221;center&#8221; title_text_color=&#8221;gcid-primary-color&#8221; title_font_size=&#8221;20px&#8221; sub_title_font=&#8221;Tenor Sans||||||||&#8221; sub_title_text_align=&#8221;center&#8221; sub_title_text_color=&#8221;gcid-f86df0c4-ec1d-48d3-9900-f5e7fc66954f&#8221; sub_title_font_size=&#8221;14px&#8221; button_text_font=&#8221;Montserrat||||||||&#8221; button_text_text_color=&#8221;#FFFFFF&#8221; button_text_font_size=&#8221;16px&#8221; button_text_letter_spacing=&#8221;4px&#8221; button_text_line_height=&#8221;1.2em&#8221; background_color=&#8221;#000000&#8243; positioning=&#8221;fixed&#8221; position_origin_f=&#8221;bottom_right&#8221; vertical_offset=&#8221;-30px&#8221; horizontal_offset=&#8221;20px&#8221; z_index=&#8221;1&#8243; border_radii_title_border=&#8221;off|40px|40px||&#8221; box_shadow_style=&#8221;preset1&#8243; box_shadow_style_content_area_shadow=&#8221;preset1&#8243; global_colors_info=&#8221;{%22gcid-primary-color%22:%91%22button_background_bgcolor%22,%22title_text_color%22%93,%22gcid-f86df0c4-ec1d-48d3-9900-f5e7fc66954f%22:%91%22sub_title_text_color%22%93}&#8221;][\/difl_advanced_blurb][et_pb_image src=&#8221;https:\/\/domiszewscy.pl\/wp-content\/uploads\/2025\/03\/ContactMobile.png&#8221; title_text=&#8221;ContactMobile&#8221; url=&#8221;#popup1&#8243; disabled_on=&#8221;off|on|on&#8221; _builder_version=&#8221;4.27.4&#8243; _module_preset=&#8221;default&#8221; positioning=&#8221;fixed&#8221; position_origin_f=&#8221;bottom_right&#8221; vertical_offset=&#8221;10px&#8221; horizontal_offset=&#8221;10px&#8221; z_index=&#8221;1&#8243; vertical_offset_tablet=&#8221;10px&#8221; vertical_offset_phone=&#8221;10px&#8221; vertical_offset_last_edited=&#8221;on|phone&#8221; width=&#8221;25%&#8221; width_tablet=&#8221;25%&#8221; width_phone=&#8221;52px&#8221; width_last_edited=&#8221;on|phone&#8221; animation_style=&#8221;zoom&#8221; animation_duration=&#8221;5000ms&#8221; animation_delay=&#8221;1000ms&#8221; animation_starting_opacity=&#8221;50%&#8221; animation_speed_curve=&#8221;ease&#8221; animation_repeat=&#8221;loop&#8221; animation_duration_tablet=&#8221;5000ms&#8221; animation_duration_phone=&#8221;5000ms&#8221; animation_duration_last_edited=&#8221;on|phone&#8221; border_radii=&#8221;on|2268px|2268px|2268px|2268px&#8221; global_colors_info=&#8221;{}&#8221;][\/et_pb_image][\/et_pb_column][\/et_pb_row][\/et_pb_section]<\/p>\n","protected":false},"excerpt":{"rendered":"<p>Adwokat Marta Domiszewska +48 888 849 735Adwokat Mateusz Domiszewski +48 792 243 267Porady prawne Skorzystaj z&nbsp;porady prawnej online lub um\u00f3w si\u0119 na&nbsp;spotkanie w&nbsp;naszym biurze.Masz pytania?Potrzebujesz pomocy prawnej? Skontaktuj si\u0119 z&nbsp;nami ju\u017c dzi\u015b!<div class=\"et_pb_module difl_advanced_blurb difl_advanced_blurb_0\">\n\t\t\t\t\n\t\t\t\t\n\t\t\t\t\n\t\t\t\t\n\t\t\t\t\n\t\t\t\t\n\t\t\t\t<div class=\"et_pb_module_inner\">\n\t\t\t\t\t<div class=\"df_ab_blurb_container\"> <div class=\"df_ab_blurb_content_container\"><div class=\"df_ab_blurb_image image placement_image_flex_top\"><img decoding=\"async\" class=\"df_ab_blurb_image_img\" src=\"&#8221;https:\/\/domiszewscy.pl\/wp-content\/uploads\/2025\/04\/Domiszewscy_Kontakt.webp&#8221;\" alt=\"\" \/><\/div> <h3  class=\"df_ab_blurb_title\">&#8221;Potrzebujesz<\/h3> <h4  class=\"df_ab_blurb_sub_title\">&#8221;Pomo\u017cemy<\/h4>  <div class=\"df_ab_blurb_button_wrapper\">\r\n                                <a href=\"http:\/\/&#8221;#popup1&#8243;\"  class=\"df_ab_blurb_button\" data-icon=\"5\"> <span>&#8221;WYPE\u0141NIJ<\/span> <\/a>\r\n                            <\/div> <\/div><\/div>\n\t\t\t\t<\/div>\n\t\t\t<\/div><\/p>","protected":false},"author":1,"featured_media":0,"parent":0,"menu_order":0,"comment_status":"closed","ping_status":"closed","template":"","meta":{"_et_pb_use_builder":"on","_et_pb_old_content":"","_et_gb_content_width":"","two_page_speed":[],"footnotes":""},"difl_page_category":[],"class_list":["post-31","page","type-page","status-publish","hentry"],"_links":{"self":[{"href":"https:\/\/domiszewscy.pl\/en\/wp-json\/wp\/v2\/pages\/31","targetHints":{"allow":["GET"]}}],"collection":[{"href":"https:\/\/domiszewscy.pl\/en\/wp-json\/wp\/v2\/pages"}],"about":[{"href":"https:\/\/domiszewscy.pl\/en\/wp-json\/wp\/v2\/types\/page"}],"author":[{"embeddable":true,"href":"https:\/\/domiszewscy.pl\/en\/wp-json\/wp\/v2\/users\/1"}],"replies":[{"embeddable":true,"href":"https:\/\/domiszewscy.pl\/en\/wp-json\/wp\/v2\/comments?post=31"}],"version-history":[{"count":5,"href":"https:\/\/domiszewscy.pl\/en\/wp-json\/wp\/v2\/pages\/31\/revisions"}],"predecessor-version":[{"id":1790,"href":"https:\/\/domiszewscy.pl\/en\/wp-json\/wp\/v2\/pages\/31\/revisions\/1790"}],"wp:attachment":[{"href":"https:\/\/domiszewscy.pl\/en\/wp-json\/wp\/v2\/media?parent=31"}],"wp:term":[{"taxonomy":"difl_page_category","embeddable":true,"href":"https:\/\/domiszewscy.pl\/en\/wp-json\/wp\/v2\/difl_page_category?post=31"}],"curies":[{"name":"wp","href":"https:\/\/api.w.org\/{rel}","templated":true}]}}